{"id":7,"date":"2022-10-26T14:54:46","date_gmt":"2022-10-26T14:54:46","guid":{"rendered":"https:\/\/herbiotycare.tn\/?page_id=7"},"modified":"2025-06-22T05:10:31","modified_gmt":"2025-06-22T05:10:31","slug":"home","status":"publish","type":"page","link":"https:\/\/herbiotycare.tn\/","title":{"rendered":"Home"},"content":{"rendered":"\t\t<div data-elementor-type=\"wp-page\" data-elementor-id=\"7\" class=\"elementor elementor-7\">\n\t\t\t\t\t\t<section class=\"elementor-section elementor-top-section elementor-element elementor-element-50d0667 elementor-section-height-full elementor-section-stretched elementor-section-boxed elementor-section-height-default elementor-section-items-middle\" data-id=\"50d0667\" data-element_type=\"section\" data-e-type=\"section\" data-settings=\"{&quot;stretch_section&quot;:&quot;section-stretched&quot;,&quot;background_background&quot;:&quot;video&quot;,&quot;background_video_link&quot;:&quot;https:\\\/\\\/herbiotycare.tn\\\/wp-content\\\/uploads\\\/2022\\\/10\\\/cosmetics3-video1.mp4&quot;,&quot;background_play_on_mobile&quot;:&quot;yes&quot;}\">\n\t\t\t\t\t\t\t\t<div class=\"elementor-background-video-container\">\n\t\t\t\t\t\t\t\t\t\t\t\t\t<video class=\"elementor-background-video-hosted\" role=\"presentation\" autoplay muted playsinline loop><\/video>\n\t\t\t\t\t\t\t\t\t\t\t<\/div>\n\t\t\t\t\t\t\t\t\t<div class=\"elementor-background-overlay\"><\/div>\n\t\t\t\t\t\t\t<div class=\"elementor-container elementor-column-gap-wider\">\n\t\t\t\t\t<div class=\"elementor-column elementor-col-100 elementor-top-column elementor-element elementor-element-e60df3c\" data-id=\"e60df3c\" data-element_type=\"column\" data-e-type=\"column\">\n\t\t\t<div class=\"elementor-widget-wrap elementor-element-populated\">\n\t\t\t\t\t\t<section class=\"elementor-section elementor-inner-section elementor-element elementor-element-0382e29 elementor-section-full_width elementor-section-height-default elementor-section-height-default\" data-id=\"0382e29\" data-element_type=\"section\" data-e-type=\"section\">\n\t\t\t\t\t\t<div class=\"elementor-container elementor-column-gap-default\">\n\t\t\t\t\t<div class=\"elementor-column elementor-col-100 elementor-inner-column elementor-element elementor-element-139be0c\" data-id=\"139be0c\" data-element_type=\"column\" data-e-type=\"column\">\n\t\t\t<div class=\"elementor-widget-wrap elementor-element-populated\">\n\t\t\t\t\t\t<div class=\"elementor-element elementor-element-b5c2a8e elementor-widget elementor-widget-heading\" data-id=\"b5c2a8e\" data-element_type=\"widget\" data-e-type=\"widget\" data-widget_type=\"heading.default\">\n\t\t\t\t<div class=\"elementor-widget-container\">\n\t\t\t\t\t<h2 class=\"elementor-heading-title elementor-size-default\">HERBIOTY CARE<\/h2>\t\t\t\t<\/div>\n\t\t\t\t<\/div>\n\t\t\t\t\t<\/div>\n\t\t<\/div>\n\t\t\t\t\t<\/div>\n\t\t<\/section>\n\t\t\t\t<section class=\"elementor-section elementor-inner-section elementor-element elementor-element-45f2e45 elementor-section-boxed elementor-section-height-default elementor-section-height-default\" data-id=\"45f2e45\" data-element_type=\"section\" data-e-type=\"section\">\n\t\t\t\t\t\t<div class=\"elementor-container elementor-column-gap-default\">\n\t\t\t\t\t<div class=\"elementor-column elementor-col-50 elementor-inner-column elementor-element elementor-element-e9bad7f\" data-id=\"e9bad7f\" data-element_type=\"column\" data-e-type=\"column\">\n\t\t\t<div class=\"elementor-widget-wrap elementor-element-populated\">\n\t\t\t\t\t\t<div class=\"elementor-element elementor-element-b1595cd elementor-widget__width-initial elementor-widget elementor-widget-text-editor\" data-id=\"b1595cd\" data-element_type=\"widget\" data-e-type=\"widget\" data-widget_type=\"text-editor.default\">\n\t\t\t\t<div class=\"elementor-widget-container\">\n\t\t\t\t\t\t\t\t\t<h6>UNE MARQUE D\u00c9POS\u00c9E ET CERTIFI\u00c9E ISO 22716<span style=\"text-decoration: underline;\"><strong><em><img fetchpriority=\"high\" decoding=\"async\" class=\"alignnone size-medium wp-image-350\" src=\"https:\/\/herbiotycare.tn\/wp-content\/uploads\/2025\/06\/MOUNQ-500x333.jpg\" alt=\"\" width=\"500\" height=\"333\" srcset=\"https:\/\/herbiotycare.tn\/wp-content\/uploads\/2025\/06\/MOUNQ-500x333.jpg 500w, https:\/\/herbiotycare.tn\/wp-content\/uploads\/2025\/06\/MOUNQ-1200x800.jpg 1200w, https:\/\/herbiotycare.tn\/wp-content\/uploads\/2025\/06\/MOUNQ-300x200.jpg 300w, https:\/\/herbiotycare.tn\/wp-content\/uploads\/2025\/06\/MOUNQ-768x512.jpg 768w, https:\/\/herbiotycare.tn\/wp-content\/uploads\/2025\/06\/MOUNQ-1536x1025.jpg 1536w, https:\/\/herbiotycare.tn\/wp-content\/uploads\/2025\/06\/MOUNQ-112x75.jpg 112w, https:\/\/herbiotycare.tn\/wp-content\/uploads\/2025\/06\/MOUNQ-480x320.jpg 480w, https:\/\/herbiotycare.tn\/wp-content\/uploads\/2025\/06\/MOUNQ-800x534.jpg 800w, https:\/\/herbiotycare.tn\/wp-content\/uploads\/2025\/06\/MOUNQ.jpg 2048w\" sizes=\"(max-width:767px) 480px, 500px\" \/><\/em><\/strong><\/span><\/h6>\t\t\t\t\t\t\t\t<\/div>\n\t\t\t\t<\/div>\n\t\t\t\t\t<\/div>\n\t\t<\/div>\n\t\t\t\t<div class=\"elementor-column elementor-col-50 elementor-inner-column elementor-element elementor-element-c7cb1ea elementor-hidden-tablet elementor-hidden-mobile\" data-id=\"c7cb1ea\" data-element_type=\"column\" data-e-type=\"column\">\n\t\t\t<div class=\"elementor-widget-wrap\">\n\t\t\t\t\t\t\t<\/div>\n\t\t<\/div>\n\t\t\t\t\t<\/div>\n\t\t<\/section>\n\t\t\t\t\t<\/div>\n\t\t<\/div>\n\t\t\t\t\t<\/div>\n\t\t<\/section>\n\t\t<div class=\"elementor-element elementor-element-9d01334 e-flex e-con-boxed e-con e-parent\" data-id=\"9d01334\" data-element_type=\"container\" data-e-type=\"container\">\n\t\t\t\t\t<div class=\"e-con-inner\">\n\t\t\t\t<div class=\"elementor-element elementor-element-8177017 elementor-widget elementor-widget-video\" data-id=\"8177017\" data-element_type=\"widget\" data-e-type=\"widget\" data-settings=\"{&quot;video_type&quot;:&quot;hosted&quot;,&quot;autoplay&quot;:&quot;yes&quot;,&quot;controls&quot;:&quot;yes&quot;}\" data-widget_type=\"video.default\">\n\t\t\t\t<div class=\"elementor-widget-container\">\n\t\t\t\t\t\t\t<div class=\"e-hosted-video elementor-wrapper elementor-open-inline\">\n\t\t\t\t\t<video class=\"elementor-video\" src=\"https:\/\/herbiotycare.tn\/wp-content\/uploads\/2025\/06\/5f28b4ba-0a8a-48bf-9c1e-6f9a5f60301c.mp4\" autoplay=\"\" controls=\"\" controlsList=\"nodownload\"><\/video>\n\t\t\t\t<\/div>\n\t\t\t\t\t\t<\/div>\n\t\t\t\t<\/div>\n\t\t\t\t\t<\/div>\n\t\t\t\t<\/div>\n\t\t\t\t<section class=\"elementor-section elementor-top-section elementor-element elementor-element-6a0c1f3 elementor-section-full_width elementor-section-stretched elementor-section-height-default elementor-section-height-default\" data-id=\"6a0c1f3\" data-element_type=\"section\" data-e-type=\"section\" data-settings=\"{&quot;stretch_section&quot;:&quot;section-stretched&quot;}\">\n\t\t\t\t\t\t<div class=\"elementor-container elementor-column-gap-no\">\n\t\t\t\t\t<div class=\"elementor-column elementor-col-100 elementor-top-column elementor-element elementor-element-98a7224\" data-id=\"98a7224\" data-element_type=\"column\" data-e-type=\"column\">\n\t\t\t<div class=\"elementor-widget-wrap elementor-element-populated\">\n\t\t\t\t\t\t<div class=\"elementor-element elementor-element-90ce222 elementor-widget elementor-widget-image\" data-id=\"90ce222\" data-element_type=\"widget\" data-e-type=\"widget\" data-widget_type=\"image.default\">\n\t\t\t\t<div class=\"elementor-widget-container\">\n\t\t\t\t\t\t\t\t\t\t\t\t\t\t\t<img decoding=\"async\" width=\"1920\" height=\"90\" data-src=\"https:\/\/herbiotycare.tn\/wp-content\/uploads\/2022\/11\/be-cosmetics3-animated.svg\" class=\"attachment-full size-full wp-image-158 lazyload\" alt=\"\" src=\"data:image\/svg+xml;base64,PHN2ZyB3aWR0aD0iMSIgaGVpZ2h0PSIxIiB4bWxucz0iaHR0cDovL3d3dy53My5vcmcvMjAwMC9zdmciPjwvc3ZnPg==\" style=\"--smush-placeholder-width: 1920px; --smush-placeholder-aspect-ratio: 1920\/90;\" \/>\t\t\t\t\t\t\t\t\t\t\t\t\t\t\t<\/div>\n\t\t\t\t<\/div>\n\t\t\t\t\t<\/div>\n\t\t<\/div>\n\t\t\t\t\t<\/div>\n\t\t<\/section>\n\t\t\t\t<section class=\"elementor-section elementor-top-section elementor-element elementor-element-686c0cd elementor-section-stretched elementor-section-boxed elementor-section-height-default elementor-section-height-default\" data-id=\"686c0cd\" data-element_type=\"section\" data-e-type=\"section\" data-settings=\"{&quot;stretch_section&quot;:&quot;section-stretched&quot;}\">\n\t\t\t\t\t\t<div class=\"elementor-container elementor-column-gap-wider\">\n\t\t\t\t\t<div class=\"elementor-column elementor-col-100 elementor-top-column elementor-element elementor-element-17f8804\" data-id=\"17f8804\" data-element_type=\"column\" data-e-type=\"column\">\n\t\t\t<div class=\"elementor-widget-wrap elementor-element-populated\">\n\t\t\t\t\t\t<section class=\"elementor-section elementor-inner-section elementor-element elementor-element-1844fda elementor-section-boxed elementor-section-height-default elementor-section-height-default\" data-id=\"1844fda\" data-element_type=\"section\" data-e-type=\"section\">\n\t\t\t\t\t\t<div class=\"elementor-container elementor-column-gap-default\">\n\t\t\t\t\t<div class=\"elementor-column elementor-col-100 elementor-inner-column elementor-element elementor-element-55658cc\" data-id=\"55658cc\" data-element_type=\"column\" data-e-type=\"column\">\n\t\t\t<div class=\"elementor-widget-wrap elementor-element-populated\">\n\t\t\t\t\t\t<div class=\"elementor-element elementor-element-0144175 elementor-widget elementor-widget-heading\" data-id=\"0144175\" data-element_type=\"widget\" data-e-type=\"widget\" data-widget_type=\"heading.default\">\n\t\t\t\t<div class=\"elementor-widget-container\">\n\t\t\t\t\t<h2 class=\"elementor-heading-title elementor-size-default\">\u0639\u0644\u0649 \u062e\u0627\u0637\u0631 \u0645\u0627 \u064a\u0648\u0627\u062a\u064a\u0643 \u0643\u0627\u0646 \u0627\u0644\u062f\u0644\u0627\u0644<\/h2>\t\t\t\t<\/div>\n\t\t\t\t<\/div>\n\t\t\t\t<div class=\"elementor-element elementor-element-e1ab029 elementor-widget elementor-widget-mfn_shop\" data-id=\"e1ab029\" data-element_type=\"widget\" data-e-type=\"widget\" data-widget_type=\"mfn_shop.default\">\n\t\t\t\t<div class=\"elementor-widget-container\">\n\t\t\t\t\t<div class=\"woocommerce columns-4 \"><\/div>\t\t\t\t<\/div>\n\t\t\t\t<\/div>\n\t\t\t\t<div class=\"elementor-element elementor-element-be96df0 elementor-align-center elementor-widget elementor-widget-button\" data-id=\"be96df0\" data-element_type=\"widget\" data-e-type=\"widget\" data-widget_type=\"button.default\">\n\t\t\t\t<div class=\"elementor-widget-container\">\n\t\t\t\t\t\t\t\t\t<div class=\"elementor-button-wrapper\">\n\t\t\t\t\t<a class=\"elementor-button elementor-button-link elementor-size-sm\" href=\"https:\/\/herbiotycare.tn\/shop\/\">\n\t\t\t\t\t\t<span class=\"elementor-button-content-wrapper\">\n\t\t\t\t\t\t\t\t\t<span class=\"elementor-button-text\">BROWSE ALL<\/span>\n\t\t\t\t\t<\/span>\n\t\t\t\t\t<\/a>\n\t\t\t\t<\/div>\n\t\t\t\t\t\t\t\t<\/div>\n\t\t\t\t<\/div>\n\t\t\t\t\t<\/div>\n\t\t<\/div>\n\t\t\t\t\t<\/div>\n\t\t<\/section>\n\t\t\t\t\t<\/div>\n\t\t<\/div>\n\t\t\t\t\t<\/div>\n\t\t<\/section>\n\t\t<div class=\"elementor-element elementor-element-40afa8f e-flex e-con-boxed e-con e-parent\" data-id=\"40afa8f\" data-element_type=\"container\" data-e-type=\"container\">\n\t\t\t\t\t<div class=\"e-con-inner\">\n\t\t\t\t\t<\/div>\n\t\t\t\t<\/div>\n\t\t<div class=\"elementor-element elementor-element-a4c3a50 e-flex e-con-boxed e-con e-parent\" data-id=\"a4c3a50\" data-element_type=\"container\" data-e-type=\"container\">\n\t\t\t\t\t<div class=\"e-con-inner\">\n\t\t\t\t<div class=\"elementor-element elementor-element-c8f6699 elementor-widget elementor-widget-google_maps\" data-id=\"c8f6699\" data-element_type=\"widget\" data-e-type=\"widget\" data-widget_type=\"google_maps.default\">\n\t\t\t\t<div class=\"elementor-widget-container\">\n\t\t\t\t\t\t\t<div class=\"elementor-custom-embed\">\n\t\t\t<iframe\n\t\t\t\t\tdata-src=\"https:\/\/maps.google.com\/maps?q=Bouzayen%2C%20Sfax%20HERBIOTY&#038;t=m&#038;z=10&#038;output=embed&#038;iwloc=near\"\n\t\t\t\t\ttitle=\"Bouzayen, Sfax HERBIOTY\"\n\t\t\t\t\taria-label=\"Bouzayen, Sfax HERBIOTY\"\n\t\t\t src=\"data:image\/svg+xml;base64,PHN2ZyB3aWR0aD0iMSIgaGVpZ2h0PSIxIiB4bWxucz0iaHR0cDovL3d3dy53My5vcmcvMjAwMC9zdmciPjwvc3ZnPg==\" class=\"lazyload\" data-load-mode=\"1\"><\/iframe>\n\t\t<\/div>\n\t\t\t\t\t\t<\/div>\n\t\t\t\t<\/div>\n\t\t\t\t\t<\/div>\n\t\t\t\t<\/div>\n\t\t\t\t<\/div>\n\t\t","protected":false},"excerpt":{"rendered":"<p>HERBIOTY CARE UNE MARQUE D\u00c9POS\u00c9E ET CERTIFI\u00c9E ISO 22716 https:\/\/herbiotycare.tn\/wp-content\/uploads\/2025\/06\/5f28b4ba-0a8a-48bf-9c1e-6f9a5f60301c.mp4 \u0639\u0644\u0649 \u062e\u0627\u0637\u0631 \u0645\u0627 \u064a\u0648\u0627\u062a\u064a\u0643 \u0643\u0627\u0646 \u0627\u0644\u062f\u0644\u0627\u0644 En promotion Gamme Barbie &#x62f;.&#x62a;&nbsp;150,000 Le prix initial \u00e9tait\u00a0: &#x62f;.&#x62a;&nbsp;150,000.&#x62f;.&#x62a;&nbsp;120,000Le<span class=\"excerpt-hellip\"> [\u2026]<\/span><\/p>\n","protected":false},"author":1,"featured_media":0,"parent":0,"menu_order":0,"comment_status":"open","ping_status":"closed","template":"","meta":{"footnotes":""},"class_list":["post-7","page","type-page","status-publish","hentry"],"_links":{"self":[{"href":"https:\/\/herbiotycare.tn\/index.php?rest_route=\/wp\/v2\/pages\/7","targetHints":{"allow":["GET"]}}],"collection":[{"href":"https:\/\/herbiotycare.tn\/index.php?rest_route=\/wp\/v2\/pages"}],"about":[{"href":"https:\/\/herbiotycare.tn\/index.php?rest_route=\/wp\/v2\/types\/page"}],"author":[{"embeddable":true,"href":"https:\/\/herbiotycare.tn\/index.php?rest_route=\/wp\/v2\/users\/1"}],"replies":[{"embeddable":true,"href":"https:\/\/herbiotycare.tn\/index.php?rest_route=%2Fwp%2Fv2%2Fcomments&post=7"}],"version-history":[{"count":39,"href":"https:\/\/herbiotycare.tn\/index.php?rest_route=\/wp\/v2\/pages\/7\/revisions"}],"predecessor-version":[{"id":432,"href":"https:\/\/herbiotycare.tn\/index.php?rest_route=\/wp\/v2\/pages\/7\/revisions\/432"}],"wp:attachment":[{"href":"https:\/\/herbiotycare.tn\/index.php?rest_route=%2Fwp%2Fv2%2Fmedia&parent=7"}],"curies":[{"name":"wp","href":"https:\/\/api.w.org\/{rel}","templated":true}]}}